{"id":102,"date":"2025-11-16T17:07:53","date_gmt":"2025-11-16T17:07:53","guid":{"rendered":"https:\/\/cooperativa24.coop.py\/?page_id=102"},"modified":"2025-11-18T14:07:05","modified_gmt":"2025-11-18T14:07:05","slug":"ahorro","status":"publish","type":"page","link":"https:\/\/cooperativa24.coop.py\/index.php\/ahorro\/","title":{"rendered":"Ahorro"},"content":{"rendered":"\n<h2 class=\"wp-block-heading\">Ahorra y Crece con la Cooperativa<\/h2>\n\n\n\n<p class=\"has-medium-font-size\">Tus ahorros son el motor de tu futuro. En nuestra cooperativa, te ofrecemos opciones seguras, rentables y accesibles para que tu dinero trabaje para ti, con la solidez y la confianza de una instituci\u00f3n que vela por el bienestar de sus socios.<\/p>\n\n\n\n<h2 class=\"wp-block-heading\">\u00bfPor Qu\u00e9 Ahorrar en la Cooperativa?<\/h2>\n\n\n\n<p class=\"has-medium-font-size\"><strong>Seguridad Garantizada:<\/strong> Tus fondos est\u00e1n seguros y respaldados por la solidez y la trayectoria de la cooperativa Categor\u00eda A.<\/p>\n\n\n\n<p class=\"has-medium-font-size\"><strong>Rentabilidad Competitiva:<\/strong> Ofrecemos tasas de inter\u00e9s superiores a las cuentas de ahorro tradicionales.<\/p>\n\n\n\n<p class=\"has-medium-font-size\"><strong>F\u00e1cil Acceso a Cr\u00e9dito:<\/strong> Mantener ahorros y aportes activos mejora tu perfil de cr\u00e9dito y facilita la aprobaci\u00f3n de pr\u00e9stamos futuros.<\/p>\n\n\n\n<h2 class=\"wp-block-heading\">Ahorro a la Vista<\/h2>\n\n\n\n<p class=\"has-medium-font-size\">Este es el producto ideal para tu dinero del d\u00eda a d\u00eda. Te ofrece liquidez total con un rendimiento que supera a las cuentas corrientes.<\/p>\n\n\n\n<ul class=\"wp-block-list\">\n<li class=\"has-medium-font-size\"><strong>Liquidez Inmediata:<\/strong> Puedes realizar dep\u00f3sitos y retiros cuando lo necesites.<\/li>\n\n\n\n<li class=\"has-medium-font-size\"><strong>Monto M\u00ednimo:<\/strong> Se requiere un monto de apertura m\u00ednimo de   Gs. 100.000.<\/li>\n\n\n\n<li class=\"has-medium-font-size\"><strong>Rendimiento:<\/strong> Gana intereses.<\/li>\n<\/ul>\n\n\n\n<h2 class=\"wp-block-heading\">Ahorro a Plazo Fijo<\/h2>\n\n\n\n<p class=\"has-medium-font-size\">Si buscas maximizar la rentabilidad de tus fondos y puedes comprometer tu dinero por un tiempo, el Plazo Fijo es la mejor opci\u00f3n.<\/p>\n\n\n\n<ul class=\"wp-block-list\">\n<li class=\"has-medium-font-size\"><strong>Mayor Rentabilidad:<\/strong> Ofrecemos la tasa de inter\u00e9s m\u00e1s alta, ya que tu dinero permanece depositado sin retiro durante el plazo acordado.<\/li>\n\n\n\n<li class=\"has-medium-font-size\"><strong>Rendimiento Fijo:<\/strong> La tasa de inter\u00e9s se acuerda y se mantiene <strong>fija<\/strong> durante todo el plazo del contrato, d\u00e1ndote certeza de tu ganancia.<\/li>\n\n\n\n<li class=\"has-medium-font-size\"><strong>Plazos Flexibles:<\/strong> Elige el periodo que mejor se adapte a tus metas: 12, 24, 48, 60 meses.<\/li>\n\n\n\n<li class=\"has-medium-font-size\"><strong>Renovaci\u00f3n:<\/strong> Opci\u00f3n de renovar el capital o capital m\u00e1s intereses al vencimiento del plazo.<\/li>\n<\/ul>\n\n\n\n<h2 class=\"wp-block-heading\">Tasa de interes de ahorros a plazo fijo<\/h2>\n\n\n\n<figure class=\"wp-block-table is-style-regular\"><table class=\"has-fixed-layout\"><thead><tr><th class=\"has-text-align-center\" data-align=\"center\" colspan=\"2\">MONTOS<\/th><th class=\"has-text-align-center\" data-align=\"center\" colspan=\"4\">PLAZO<\/th><\/tr><tr><th class=\"has-text-align-center\" data-align=\"center\">DESDE<\/th><th class=\"has-text-align-center\" data-align=\"center\">HASTA<\/th><th class=\"has-text-align-center\" data-align=\"center\">12 MESES<\/th><th class=\"has-text-align-center\" data-align=\"center\">24 MESES<\/th><th class=\"has-text-align-center\" data-align=\"center\">36 MESES<\/th><th class=\"has-text-align-center\" data-align=\"center\">48 MESES<\/th><\/tr><\/thead><tbody><tr><td class=\"has-text-align-center\" data-align=\"center\">1.000.000<\/td><td class=\"has-text-align-center\" data-align=\"center\">50.000.000<\/td><td class=\"has-text-align-center\" data-align=\"center\">3%<\/td><td class=\"has-text-align-center\" data-align=\"center\">4%<\/td><td class=\"has-text-align-center\" data-align=\"center\">5%<\/td><td class=\"has-text-align-center\" data-align=\"center\">6%<\/td><\/tr><tr><td class=\"has-text-align-center\" data-align=\"center\">50.000.001<\/td><td class=\"has-text-align-center\" data-align=\"center\">100.000.000<\/td><td class=\"has-text-align-center\" data-align=\"center\">5%<\/td><td class=\"has-text-align-center\" data-align=\"center\">6%<\/td><td class=\"has-text-align-center\" data-align=\"center\">7%<\/td><td class=\"has-text-align-center\" data-align=\"center\">8%<\/td><\/tr><tr><td class=\"has-text-align-center\" data-align=\"center\">100.000.001<\/td><td class=\"has-text-align-center\" data-align=\"center\">200.000.000<\/td><td class=\"has-text-align-center\" data-align=\"center\">6%<\/td><td class=\"has-text-align-center\" data-align=\"center\">7%<\/td><td class=\"has-text-align-center\" data-align=\"center\">8%<\/td><td class=\"has-text-align-center\" data-align=\"center\">9%<\/td><\/tr><tr><td class=\"has-text-align-center\" data-align=\"center\">200.000.001<\/td><td class=\"has-text-align-center\" data-align=\"center\">500.000.000<\/td><td class=\"has-text-align-center\" data-align=\"center\">7%<\/td><td class=\"has-text-align-center\" data-align=\"center\">8%<\/td><td class=\"has-text-align-center\" data-align=\"center\">9%<\/td><td class=\"has-text-align-center\" data-align=\"center\">10%<\/td><\/tr><tr><td class=\"has-text-align-center\" data-align=\"center\">500.000.001<\/td><td class=\"has-text-align-center\" data-align=\"center\">750.000.000<\/td><td class=\"has-text-align-center\" data-align=\"center\">8%<\/td><td class=\"has-text-align-center\" data-align=\"center\">9%<\/td><td class=\"has-text-align-center\" data-align=\"center\">10%<\/td><td class=\"has-text-align-center\" data-align=\"center\">11%<\/td><\/tr><tr><td class=\"has-text-align-center\" data-align=\"center\">750.000.001<\/td><td class=\"has-text-align-center\" data-align=\"center\">1.000.000.000<\/td><td class=\"has-text-align-center\" data-align=\"center\">9%<\/td><td class=\"has-text-align-center\" data-align=\"center\">10%<\/td><td class=\"has-text-align-center\" data-align=\"center\">11%<\/td><td class=\"has-text-align-center\" data-align=\"center\">12%<\/td><\/tr><tr><td class=\"has-text-align-center\" data-align=\"center\">1.000.000.001<\/td><td class=\"has-text-align-center\" data-align=\"center\">En adelante<\/td><td class=\"has-text-align-center\" data-align=\"center\">10%<\/td><td class=\"has-text-align-center\" data-align=\"center\">11%<\/td><td class=\"has-text-align-center\" data-align=\"center\">12%<\/td><td class=\"has-text-align-center\" data-align=\"center\">13%<\/td><\/tr><\/tbody><\/table><\/figure>\n\n\n\n<p><\/p>\n","protected":false},"excerpt":{"rendered":"<p>Ahorra y Crece con la Cooperativa Tus ahorros son el motor de tu futuro. En nuestra cooperativa, te ofrecemos opciones seguras, rentables y accesibles para que tu dinero trabaje para ti, con la solidez y la confianza de una instituci\u00f3n que vela por el bienestar de sus socios. \u00bfPor Qu\u00e9 Ahorrar en la Cooperativa? Seguridad [&hellip;]<\/p>\n","protected":false},"author":1,"featured_media":0,"parent":0,"menu_order":0,"comment_status":"closed","ping_status":"closed","template":"","meta":{"_uag_custom_page_level_css":"","footnotes":""},"class_list":["post-102","page","type-page","status-publish","hentry"],"uagb_featured_image_src":{"full":false,"thumbnail":false,"medium":false,"medium_large":false,"large":false,"1536x1536":false,"2048x2048":false},"uagb_author_info":{"display_name":"admin","author_link":"https:\/\/cooperativa24.coop.py\/index.php\/author\/admin_ehilfdbp\/"},"uagb_comment_info":0,"uagb_excerpt":"Ahorra y Crece con la Cooperativa Tus ahorros son el motor de tu futuro. En nuestra cooperativa, te ofrecemos opciones seguras, rentables y accesibles para que tu dinero trabaje para ti, con la solidez y la confianza de una instituci\u00f3n que vela por el bienestar de sus socios. \u00bfPor Qu\u00e9 Ahorrar en la Cooperativa? Seguridad&hellip;","_links":{"self":[{"href":"https:\/\/cooperativa24.coop.py\/index.php\/wp-json\/wp\/v2\/pages\/102","targetHints":{"allow":["GET"]}}],"collection":[{"href":"https:\/\/cooperativa24.coop.py\/index.php\/wp-json\/wp\/v2\/pages"}],"about":[{"href":"https:\/\/cooperativa24.coop.py\/index.php\/wp-json\/wp\/v2\/types\/page"}],"author":[{"embeddable":true,"href":"https:\/\/cooperativa24.coop.py\/index.php\/wp-json\/wp\/v2\/users\/1"}],"replies":[{"embeddable":true,"href":"https:\/\/cooperativa24.coop.py\/index.php\/wp-json\/wp\/v2\/comments?post=102"}],"version-history":[{"count":7,"href":"https:\/\/cooperativa24.coop.py\/index.php\/wp-json\/wp\/v2\/pages\/102\/revisions"}],"predecessor-version":[{"id":182,"href":"https:\/\/cooperativa24.coop.py\/index.php\/wp-json\/wp\/v2\/pages\/102\/revisions\/182"}],"wp:attachment":[{"href":"https:\/\/cooperativa24.coop.py\/index.php\/wp-json\/wp\/v2\/media?parent=102"}],"curies":[{"name":"wp","href":"https:\/\/api.w.org\/{rel}","templated":true}]}}