{"id":215,"date":"2025-11-18T17:31:35","date_gmt":"2025-11-18T17:31:35","guid":{"rendered":"https:\/\/cooperativa24.coop.py\/?page_id=215"},"modified":"2025-11-21T16:53:37","modified_gmt":"2025-11-21T16:53:37","slug":"sede-social","status":"publish","type":"page","link":"https:\/\/cooperativa24.coop.py\/index.php\/sede-social\/","title":{"rendered":"Sede Social"},"content":{"rendered":"\n<div class=\"wp-block-uagb-container uagb-layout-flex uagb-block-0hyu9hzc alignfull uagb-is-root-container\"><div class=\"uagb-container-inner-blocks-wrap\">\n<div class=\"wp-block-uagb-container uagb-block-cbkfiouz\">\n<div class=\"wp-block-uagb-info-box uagb-block-guevzia6 uagb-infobox__content-wrap  uagb-infobox-icon-above-title uagb-infobox-image-valign-top\"><div class=\"uagb-ifb-content\"><div class=\"uagb-ifb-title-wrap\"><h2 class=\"uagb-ifb-title\">DEPARTAMENTOS EQUIPADOS<\/h2><\/div><\/div><\/div>\n\n\n\n<div class=\"wp-block-uagb-info-box uagb-block-8ay42f67 uagb-infobox__content-wrap  uagb-infobox-icon-above-title uagb-infobox-image-valign-top\"><div class=\"uagb-ifb-content\"><div class=\"uagb-ifb-title-wrap\"><\/div><p class=\"uagb-ifb-desc\">Nuestra Sede Social en Itaugu\u00e1 es el espacio de esparcimiento que la cooperativa pone a disposici\u00f3n de sus socios para disfrutar de momentos de descanso, diversi\u00f3n familiar y relajaci\u00f3n.<\/p><\/div><\/div>\n<\/div>\n\n\n\n<div class=\"wp-block-uagb-container uagb-block-96294072\">\n<p class=\"has-medium-font-size\">Ofrecemos c\u00f3modos departamentos completamente equipados para estancias prolongadas o para pasar el d\u00eda con todas las comodidades de tu hogar.<\/p>\n\n\n\n<p class=\"has-medium-font-size\">Disponemos de <strong>ocho (8) departamentos<\/strong> con distintas capacidades y precios, dise\u00f1ados para adaptarse al tama\u00f1o de tu familia o grupo. Para consultar la disponibilidad, capacidad y tarifas de cada tipo de departamento, por favor, contacta directamente con el Sr.Adalberto Silva Nro de Celular: <a href=\"http:\/\/wa.me\/+595994446256\">+595 994 446256<\/a><\/p>\n<\/div>\n\n\n\n<div class=\"wp-block-uagb-container uagb-block-mcxr1adv\">\n<div class=\"wp-block-uagb-container uagb-block-zooiotua\">\n<div class=\"wp-block-uagb-image alignleft uagb-block-lyrdfyon wp-block-uagb-image--layout-default wp-block-uagb-image--effect-static wp-block-uagb-image--align-left\"><figure class=\"wp-block-uagb-image__figure\"><img decoding=\"async\" srcset=\"https:\/\/cooperativa24.coop.py\/wp-content\/uploads\/2025\/11\/IMG_20240406_114008-1-1-1024x838.jpg ,https:\/\/cooperativa24.coop.py\/wp-content\/uploads\/2025\/11\/IMG_20240406_114008-1-1.jpg 780w, https:\/\/cooperativa24.coop.py\/wp-content\/uploads\/2025\/11\/IMG_20240406_114008-1-1.jpg 360w\" sizes=\"auto, (max-width: 480px) 150px\" src=\"https:\/\/cooperativa24.coop.py\/wp-content\/uploads\/2025\/11\/IMG_20240406_114008-1-1-1024x838.jpg\" alt=\"\" class=\"uag-image-270\" width=\"384\" height=\"384\" title=\"IMG_20240406_114008 (1)\" loading=\"lazy\" role=\"img\"\/><\/figure><\/div>\n\n\n\n<div class=\"wp-block-uagb-image alignleft uagb-block-iflu8nyv wp-block-uagb-image--layout-default wp-block-uagb-image--effect-static wp-block-uagb-image--align-left\"><figure class=\"wp-block-uagb-image__figure\"><img decoding=\"async\" srcset=\"https:\/\/cooperativa24.coop.py\/wp-content\/uploads\/2025\/11\/IMG_20240320_094844-1-1024x768.jpg ,https:\/\/cooperativa24.coop.py\/wp-content\/uploads\/2025\/11\/IMG_20240320_094844-1.jpg 780w, https:\/\/cooperativa24.coop.py\/wp-content\/uploads\/2025\/11\/IMG_20240320_094844-1.jpg 360w\" sizes=\"auto, (max-width: 480px) 150px\" src=\"https:\/\/cooperativa24.coop.py\/wp-content\/uploads\/2025\/11\/IMG_20240320_094844-1-1024x768.jpg\" alt=\"\" class=\"uag-image-257\" width=\"384\" height=\"512\" title=\"IMG_20240320_094844 (1)\" loading=\"lazy\" role=\"img\"\/><\/figure><\/div>\n<\/div>\n\n\n\n<div class=\"wp-block-uagb-container uagb-block-y7nt0peb\">\n<div class=\"wp-block-uagb-image alignleft uagb-block-ttvuhl4m wp-block-uagb-image--layout-default wp-block-uagb-image--effect-static wp-block-uagb-image--align-left\"><figure class=\"wp-block-uagb-image__figure\"><img decoding=\"async\" srcset=\"https:\/\/cooperativa24.coop.py\/wp-content\/uploads\/2025\/11\/IMG_20240320_102208-1-1024x768.jpg ,https:\/\/cooperativa24.coop.py\/wp-content\/uploads\/2025\/11\/IMG_20240320_102208-1.jpg 780w, https:\/\/cooperativa24.coop.py\/wp-content\/uploads\/2025\/11\/IMG_20240320_102208-1.jpg 360w\" sizes=\"auto, (max-width: 480px) 150px\" src=\"https:\/\/cooperativa24.coop.py\/wp-content\/uploads\/2025\/11\/IMG_20240320_102208-1-1024x768.jpg\" alt=\"\" class=\"uag-image-264\" width=\"384\" height=\"308\" title=\"IMG_20240320_102208 (1)\" loading=\"lazy\" role=\"img\"\/><\/figure><\/div>\n\n\n\n<div class=\"wp-block-uagb-image alignleft uagb-block-ahzlye3a wp-block-uagb-image--layout-default wp-block-uagb-image--effect-static wp-block-uagb-image--align-left\"><figure class=\"wp-block-uagb-image__figure\"><img decoding=\"async\" srcset=\"https:\/\/cooperativa24.coop.py\/wp-content\/uploads\/2025\/11\/IMG_20240320_095814-1-768x1024.jpg ,https:\/\/cooperativa24.coop.py\/wp-content\/uploads\/2025\/11\/IMG_20240320_095814-1.jpg 780w, https:\/\/cooperativa24.coop.py\/wp-content\/uploads\/2025\/11\/IMG_20240320_095814-1.jpg 360w\" sizes=\"auto, (max-width: 480px) 150px\" src=\"https:\/\/cooperativa24.coop.py\/wp-content\/uploads\/2025\/11\/IMG_20240320_095814-1-768x1024.jpg\" alt=\"\" class=\"uag-image-260\" width=\"384\" height=\"384\" title=\"IMG_20240320_095814 (1)\" loading=\"lazy\" role=\"img\"\/><\/figure><\/div>\n\n\n\n<div class=\"wp-block-uagb-image alignleft uagb-block-eek0vtzu wp-block-uagb-image--layout-default wp-block-uagb-image--effect-static wp-block-uagb-image--align-left\"><figure class=\"wp-block-uagb-image__figure\"><img decoding=\"async\" srcset=\"https:\/\/cooperativa24.coop.py\/wp-content\/uploads\/2025\/11\/IMG_20240320_100724-1-768x1024.jpg ,https:\/\/cooperativa24.coop.py\/wp-content\/uploads\/2025\/11\/IMG_20240320_100724-1.jpg 780w, https:\/\/cooperativa24.coop.py\/wp-content\/uploads\/2025\/11\/IMG_20240320_100724-1.jpg 360w\" sizes=\"auto, (max-width: 480px) 150px\" src=\"https:\/\/cooperativa24.coop.py\/wp-content\/uploads\/2025\/11\/IMG_20240320_100724-1-768x1024.jpg\" alt=\"\" class=\"uag-image-262\" width=\"384\" height=\"288\" title=\"IMG_20240320_100724 (1)\" loading=\"lazy\" role=\"img\"\/><\/figure><\/div>\n<\/div>\n\n\n\n<div class=\"wp-block-uagb-container uagb-block-gq2pms0j\">\n<div class=\"wp-block-uagb-image alignleft uagb-block-lqwyqr2z wp-block-uagb-image--layout-default wp-block-uagb-image--effect-static wp-block-uagb-image--align-left\"><figure class=\"wp-block-uagb-image__figure\"><img decoding=\"async\" srcset=\"https:\/\/cooperativa24.coop.py\/wp-content\/uploads\/2025\/11\/IMG_20240406_114459-1-1024x704.jpg ,https:\/\/cooperativa24.coop.py\/wp-content\/uploads\/2025\/11\/IMG_20240406_114459-1-scaled.jpg 780w, https:\/\/cooperativa24.coop.py\/wp-content\/uploads\/2025\/11\/IMG_20240406_114459-1-scaled.jpg 360w\" sizes=\"auto, (max-width: 480px) 150px\" src=\"https:\/\/cooperativa24.coop.py\/wp-content\/uploads\/2025\/11\/IMG_20240406_114459-1-1024x704.jpg\" alt=\"\" class=\"uag-image-273\" width=\"384\" height=\"481\" title=\"IMG_20240406_114459 (1)\" loading=\"lazy\" role=\"img\"\/><\/figure><\/div>\n\n\n\n<div class=\"wp-block-uagb-image uagb-block-81gtuidc wp-block-uagb-image--layout-default wp-block-uagb-image--effect-static wp-block-uagb-image--align-none\"><figure class=\"wp-block-uagb-image__figure\"><img decoding=\"async\" srcset=\"https:\/\/cooperativa24.coop.py\/wp-content\/uploads\/2025\/11\/IMG_20240320_100636-1-768x1024.jpg ,https:\/\/cooperativa24.coop.py\/wp-content\/uploads\/2025\/11\/IMG_20240320_100636-1.jpg 780w, https:\/\/cooperativa24.coop.py\/wp-content\/uploads\/2025\/11\/IMG_20240320_100636-1.jpg 360w\" sizes=\"auto, (max-width: 480px) 150px\" src=\"https:\/\/cooperativa24.coop.py\/wp-content\/uploads\/2025\/11\/IMG_20240320_100636-1-768x1024.jpg\" alt=\"\" class=\"uag-image-261\" width=\"384\" height=\"384\" title=\"IMG_20240320_100636 (1)\" loading=\"lazy\" role=\"img\"\/><\/figure><\/div>\n<\/div>\n\n\n\n<p><\/p>\n<\/div>\n\n\n\n<figure class=\"wp-block-table\"><table class=\"has-fixed-layout\"><tbody><tr><td class=\"has-text-align-center\" data-align=\"center\">Descripci\u00f3n<\/td><td class=\"has-text-align-center\" data-align=\"center\">Dep. 1<\/td><td class=\"has-text-align-center\" data-align=\"center\">Dep. 2<\/td><td class=\"has-text-align-center\" data-align=\"center\">Dep. 3<\/td><td class=\"has-text-align-center\" data-align=\"center\">Dep. 4<\/td><td class=\"has-text-align-center\" data-align=\"center\">Dep. 5<\/td><td class=\"has-text-align-center\" data-align=\"center\">Dep. 6<\/td><td class=\"has-text-align-center\" data-align=\"center\">Dep. 7<\/td><td class=\"has-text-align-center\" data-align=\"center\">Dep. 8<\/td><\/tr><tr><td class=\"has-text-align-center\" data-align=\"center\">Precio<\/td><td class=\"has-text-align-center\" data-align=\"center\">Gs.150.000<\/td><td class=\"has-text-align-center\" data-align=\"center\">Gs.300.000<\/td><td class=\"has-text-align-center\" data-align=\"center\">Gs.450.000<\/td><td class=\"has-text-align-center\" data-align=\"center\">Gs.150.000<\/td><td class=\"has-text-align-center\" data-align=\"center\">Gs.150.000<\/td><td class=\"has-text-align-center\" data-align=\"center\">Gs.300.000<\/td><td class=\"has-text-align-center\" data-align=\"center\">Gs.150.000<\/td><td class=\"has-text-align-center\" data-align=\"center\">Gs.450.000<\/td><\/tr><tr><td class=\"has-text-align-center\" data-align=\"center\">Habitaciones<\/td><td class=\"has-text-align-center\" data-align=\"center\">1<\/td><td class=\"has-text-align-center\" data-align=\"center\">2<\/td><td class=\"has-text-align-center\" data-align=\"center\">3<\/td><td class=\"has-text-align-center\" data-align=\"center\">1<\/td><td class=\"has-text-align-center\" data-align=\"center\">1<\/td><td class=\"has-text-align-center\" data-align=\"center\">2<\/td><td class=\"has-text-align-center\" data-align=\"center\">1<\/td><td class=\"has-text-align-center\" data-align=\"center\">3<\/td><\/tr><\/tbody><\/table><\/figure>\n<\/div><\/div>\n\n\n\n<div class=\"wp-block-uagb-container uagb-block-ymea8ibd alignfull uagb-is-root-container\"><div class=\"uagb-container-inner-blocks-wrap\">\n<div class=\"wp-block-uagb-info-box uagb-block-l1ceetql uagb-infobox__content-wrap  uagb-infobox-icon-above-title uagb-infobox-image-valign-top\"><div class=\"uagb-ifb-content\"><div class=\"uagb-ifb-title-wrap\"><h2 class=\"uagb-ifb-title\">AREAS DE USO COMPARTIDO<\/h2><\/div><p class=\"uagb-ifb-desc\">La Sede Social ofrece amplios espacios y una completa infraestructura para que t\u00fa y tu familia disfruten de un d\u00eda inolvidable.Contamos con: Dos (2) Piscinas, cancha de v\u00f3ley.<br>cancha de f\u00fatbol,quinchos equipados (ideales para reuniones y asados),estacionamiento seguro,\u00e1reas verdes para el descanso.<\/p><\/div><\/div>\n\n\n\n<div class=\"wp-block-uagb-container uagb-layout-grid uagb-block-5o4sgufj\">\n<div class=\"wp-block-uagb-image alignleft uagb-block-e5rvlnxm wp-block-uagb-image--layout-default wp-block-uagb-image--effect-static wp-block-uagb-image--align-left\"><figure class=\"wp-block-uagb-image__figure\"><img decoding=\"async\" srcset=\"https:\/\/cooperativa24.coop.py\/wp-content\/uploads\/2025\/11\/IMG_20240921_111150-1024x576.jpg ,https:\/\/cooperativa24.coop.py\/wp-content\/uploads\/2025\/11\/IMG_20240921_111150.jpg 780w, https:\/\/cooperativa24.coop.py\/wp-content\/uploads\/2025\/11\/IMG_20240921_111150.jpg 360w\" sizes=\"auto, (max-width: 480px) 150px\" src=\"https:\/\/cooperativa24.coop.py\/wp-content\/uploads\/2025\/11\/IMG_20240921_111150-1024x576.jpg\" alt=\"\" class=\"uag-image-281\" width=\"384\" height=\"384\" title=\"IMG_20240921_111150\" loading=\"lazy\" role=\"img\"\/><\/figure><\/div>\n\n\n\n<div class=\"wp-block-uagb-image alignleft uagb-block-8ftsbmea wp-block-uagb-image--layout-default wp-block-uagb-image--effect-static wp-block-uagb-image--align-left\"><figure class=\"wp-block-uagb-image__figure\"><img decoding=\"async\" srcset=\"https:\/\/cooperativa24.coop.py\/wp-content\/uploads\/2025\/11\/IMG_20240406_113859-1-1024x579.jpg ,https:\/\/cooperativa24.coop.py\/wp-content\/uploads\/2025\/11\/IMG_20240406_113859-1.jpg 780w, https:\/\/cooperativa24.coop.py\/wp-content\/uploads\/2025\/11\/IMG_20240406_113859-1.jpg 360w\" sizes=\"auto, (max-width: 480px) 150px\" src=\"https:\/\/cooperativa24.coop.py\/wp-content\/uploads\/2025\/11\/IMG_20240406_113859-1-1024x579.jpg\" alt=\"\" class=\"uag-image-269\" width=\"384\" height=\"384\" title=\"IMG_20240406_113859 (1)\" loading=\"lazy\" role=\"img\"\/><\/figure><\/div>\n\n\n\n<div class=\"wp-block-uagb-image alignleft uagb-block-hcf2ritl wp-block-uagb-image--layout-default wp-block-uagb-image--effect-static wp-block-uagb-image--align-left\"><figure class=\"wp-block-uagb-image__figure\"><img decoding=\"async\" srcset=\"https:\/\/cooperativa24.coop.py\/wp-content\/uploads\/2025\/11\/IMG_20240914_092716-1-576x1024.jpg ,https:\/\/cooperativa24.coop.py\/wp-content\/uploads\/2025\/11\/IMG_20240914_092716-1.jpg 780w, https:\/\/cooperativa24.coop.py\/wp-content\/uploads\/2025\/11\/IMG_20240914_092716-1.jpg 360w\" sizes=\"auto, (max-width: 480px) 150px\" src=\"https:\/\/cooperativa24.coop.py\/wp-content\/uploads\/2025\/11\/IMG_20240914_092716-1-576x1024.jpg\" alt=\"\" class=\"uag-image-276\" width=\"384\" height=\"384\" title=\"IMG_20240914_092716 (1)\" loading=\"lazy\" role=\"img\"\/><\/figure><\/div>\n\n\n\n<div class=\"wp-block-uagb-image alignleft uagb-block-godgf45d wp-block-uagb-image--layout-default wp-block-uagb-image--effect-static wp-block-uagb-image--align-left\"><figure class=\"wp-block-uagb-image__figure\"><img decoding=\"async\" srcset=\"https:\/\/cooperativa24.coop.py\/wp-content\/uploads\/2025\/11\/IMG_20240406_113500-1-1024x579.jpg ,https:\/\/cooperativa24.coop.py\/wp-content\/uploads\/2025\/11\/IMG_20240406_113500-1.jpg 780w, https:\/\/cooperativa24.coop.py\/wp-content\/uploads\/2025\/11\/IMG_20240406_113500-1.jpg 360w\" sizes=\"auto, (max-width: 480px) 150px\" src=\"https:\/\/cooperativa24.coop.py\/wp-content\/uploads\/2025\/11\/IMG_20240406_113500-1-1024x579.jpg\" alt=\"\" class=\"uag-image-268\" width=\"384\" height=\"384\" title=\"IMG_20240406_113500 (1)\" loading=\"lazy\" role=\"img\"\/><\/figure><\/div>\n\n\n\n<div class=\"wp-block-uagb-image alignleft uagb-block-wr2vtz1d wp-block-uagb-image--layout-default wp-block-uagb-image--effect-static wp-block-uagb-image--align-left\"><figure class=\"wp-block-uagb-image__figure\"><img decoding=\"async\" srcset=\"https:\/\/cooperativa24.coop.py\/wp-content\/uploads\/2025\/11\/IMG_20240406_113028-1-1024x874.jpg ,https:\/\/cooperativa24.coop.py\/wp-content\/uploads\/2025\/11\/IMG_20240406_113028-1.jpg 780w, https:\/\/cooperativa24.coop.py\/wp-content\/uploads\/2025\/11\/IMG_20240406_113028-1.jpg 360w\" sizes=\"auto, (max-width: 480px) 150px\" src=\"https:\/\/cooperativa24.coop.py\/wp-content\/uploads\/2025\/11\/IMG_20240406_113028-1-1024x874.jpg\" alt=\"\" class=\"uag-image-266\" width=\"384\" height=\"384\" title=\"IMG_20240406_113028 (1)\" loading=\"lazy\" role=\"img\"\/><\/figure><\/div>\n\n\n\n<div class=\"wp-block-uagb-image alignleft uagb-block-q5p5dasw wp-block-uagb-image--layout-default wp-block-uagb-image--effect-static wp-block-uagb-image--align-left\"><figure class=\"wp-block-uagb-image__figure\"><img decoding=\"async\" srcset=\"https:\/\/cooperativa24.coop.py\/wp-content\/uploads\/2025\/11\/IMG_20240921_113005-576x1024.jpg ,https:\/\/cooperativa24.coop.py\/wp-content\/uploads\/2025\/11\/IMG_20240921_113005.jpg 780w, https:\/\/cooperativa24.coop.py\/wp-content\/uploads\/2025\/11\/IMG_20240921_113005.jpg 360w\" sizes=\"auto, (max-width: 480px) 150px\" src=\"https:\/\/cooperativa24.coop.py\/wp-content\/uploads\/2025\/11\/IMG_20240921_113005-576x1024.jpg\" alt=\"\" class=\"uag-image-277\" width=\"384\" height=\"384\" title=\"IMG_20240921_113005\" loading=\"lazy\" role=\"img\"\/><\/figure><\/div>\n<\/div>\n<\/div><\/div>\n\n\n\n<div class=\"wp-block-uagb-container uagb-block-bb74db73 alignfull uagb-is-root-container\"><div class=\"uagb-container-inner-blocks-wrap\">\n<h2 class=\"wp-block-heading\">Pol\u00edticas de Acceso y Uso<\/h2>\n\n\n\n<p class=\"has-medium-font-size\">El acceso a la Sede Social es un beneficio exclusivo para los socios que cumplen con sus responsabilidades.<\/p>\n\n\n\n<figure class=\"wp-block-table has-medium-font-size\"><table class=\"has-white-background-color has-background has-fixed-layout\"><tbody><tr><td><strong>Pol\u00edtica<\/strong><\/td><td><strong>Detalle Importante<\/strong><\/td><\/tr><tr><td>Condici\u00f3n de Acceso<\/td><td>El socio debe estar <strong>al d\u00eda<\/strong> con todas sus <strong>responsabilidades sociales y crediticias<\/strong> (aportes, cuotas de pr\u00e9stamos, etc.) para hacer uso de las instalaciones.<\/td><\/tr><tr><td>Acceso B\u00e1sico (D\u00eda)<\/td><td>El socio tiene derecho a ingresar con <strong>tres (3) invitados<\/strong> a pasar el d\u00eda sin costo adicional.<\/td><\/tr><tr><td>Invitados Adicionales<\/td><td>Si el n\u00famero de invitados excede la cantidad permitida, se deber\u00e1 abonar una <strong>tasa de Gs. 20.000 por cada persona<\/strong> adicional.<\/td><\/tr><tr><td>Reservas de Departamento<\/td><td>La reserva de departamentos est\u00e1 sujeta a disponibilidad<\/td><\/tr><\/tbody><\/table><\/figure>\n<\/div><\/div>\n","protected":false},"excerpt":{"rendered":"<p>Ofrecemos c\u00f3modos departamentos completamente equipados para estancias prolongadas o para pasar el d\u00eda con todas las comodidades de tu hogar. Disponemos de ocho (8) departamentos con distintas capacidades y precios, dise\u00f1ados para adaptarse al tama\u00f1o de tu familia o grupo. Para consultar la disponibilidad, capacidad y tarifas de cada tipo de departamento, por favor, contacta [&hellip;]<\/p>\n","protected":false},"author":2,"featured_media":0,"parent":0,"menu_order":0,"comment_status":"closed","ping_status":"closed","template":"","meta":{"_uag_custom_page_level_css":"","footnotes":""},"class_list":["post-215","page","type-page","status-publish","hentry"],"uagb_featured_image_src":{"full":false,"thumbnail":false,"medium":false,"medium_large":false,"large":false,"1536x1536":false,"2048x2048":false},"uagb_author_info":{"display_name":"Yanina Ortiz","author_link":"https:\/\/cooperativa24.coop.py\/index.php\/author\/yanina\/"},"uagb_comment_info":0,"uagb_excerpt":"Ofrecemos c\u00f3modos departamentos completamente equipados para estancias prolongadas o para pasar el d\u00eda con todas las comodidades de tu hogar. Disponemos de ocho (8) departamentos con distintas capacidades y precios, dise\u00f1ados para adaptarse al tama\u00f1o de tu familia o grupo. Para consultar la disponibilidad, capacidad y tarifas de cada tipo de departamento, por favor, contacta&hellip;","_links":{"self":[{"href":"https:\/\/cooperativa24.coop.py\/index.php\/wp-json\/wp\/v2\/pages\/215","targetHints":{"allow":["GET"]}}],"collection":[{"href":"https:\/\/cooperativa24.coop.py\/index.php\/wp-json\/wp\/v2\/pages"}],"about":[{"href":"https:\/\/cooperativa24.coop.py\/index.php\/wp-json\/wp\/v2\/types\/page"}],"author":[{"embeddable":true,"href":"https:\/\/cooperativa24.coop.py\/index.php\/wp-json\/wp\/v2\/users\/2"}],"replies":[{"embeddable":true,"href":"https:\/\/cooperativa24.coop.py\/index.php\/wp-json\/wp\/v2\/comments?post=215"}],"version-history":[{"count":18,"href":"https:\/\/cooperativa24.coop.py\/index.php\/wp-json\/wp\/v2\/pages\/215\/revisions"}],"predecessor-version":[{"id":322,"href":"https:\/\/cooperativa24.coop.py\/index.php\/wp-json\/wp\/v2\/pages\/215\/revisions\/322"}],"wp:attachment":[{"href":"https:\/\/cooperativa24.coop.py\/index.php\/wp-json\/wp\/v2\/media?parent=215"}],"curies":[{"name":"wp","href":"https:\/\/api.w.org\/{rel}","templated":true}]}}