{"id":330,"date":"2025-11-21T16:55:31","date_gmt":"2025-11-21T16:55:31","guid":{"rendered":"https:\/\/cooperativa24.coop.py\/?page_id=330"},"modified":"2026-03-13T17:50:54","modified_gmt":"2026-03-13T17:50:54","slug":"club-de-compras","status":"publish","type":"page","link":"https:\/\/cooperativa24.coop.py\/index.php\/club-de-compras\/","title":{"rendered":"Club de compras"},"content":{"rendered":"\n<h2 class=\"wp-block-heading\">Club de compras<\/h2>\n\n\n\n<p class=\"has-medium-font-size\">Nuestro Club de Compras es un servicio exclusivo que te permite adquirir bienes de alto valor y necesidad con la ventaja de la financiaci\u00f3n directa, justa y r\u00e1pida de tu cooperativa. \u00a1Utiliza tu cr\u00e9dito de consumo de forma inteligente!<\/p>\n\n\n\n<h2 class=\"wp-block-heading\">\u00bfEn Qu\u00e9 Consiste el Club de Compras?<\/h2>\n\n\n\n<p class=\"has-medium-font-size\">El Club de Compras es una extensi\u00f3n de nuestro servicio de cr\u00e9dito de consumo. En lugar de recibir el dinero del pr\u00e9stamo, lo aplicas directamente para la adquisici\u00f3n de bienes o propiedades ofrecidos a trav\u00e9s de nuestra plataforma, asegurando precios competitivos y un proceso de compra simplificado.<\/p>\n\n\n\n<h2 class=\"wp-block-heading\">Beneficios Clave del Club<\/h2>\n\n\n\n<p class=\"has-medium-font-size\"><strong>Financiaci\u00f3n Directa y \u00c1gil:<\/strong> Usa tu cr\u00e9dito de consumo aprobado por la cooperativa, sin tr\u00e1mites bancarios adicionales.<br><strong>Control de Calidad:<\/strong> Adquisici\u00f3n de bienes de valor a trav\u00e9s de proveedores y canales confiables.<br><strong>Plazos a tu Medida:<\/strong> La financiaci\u00f3n se ajusta a los plazos y condiciones de tu cr\u00e9dito de consumo.<br><strong>Econom\u00eda Circular:<\/strong> Facilita la compraventa entre socios con el respaldo financiero de la instituci\u00f3n.<\/p>\n\n\n\n<h2 class=\"wp-block-heading\">Categor\u00edas de Art\u00edculos Disponibles<\/h2>\n\n\n\n<p class=\"has-medium-font-size\">El cat\u00e1logo de nuestro Club de Compras es amplio y est\u00e1 dise\u00f1ado para cubrir tus principales necesidades de consumo e inversi\u00f3n:<\/p>\n\n\n\n<figure class=\"wp-block-table\"><table class=\"has-fixed-layout\"><tbody><tr><td>Categor\u00eda de Bien<\/td><td>Ejemplos de Art\u00edculos<\/td><\/tr><tr><td><a href=\"https:\/\/cooperativa24.coop.py\/index.php\/catalogo-tecnologia-y-hogar\/\">Tecnolog\u00eda y Hogar<\/a><\/td><td>Electr\u00f3nica, Celulares, Amplificadores de Sonido, Computadoras, Electrodom\u00e9sticos.<\/td><\/tr><tr><td><a href=\"https:\/\/cooperativa24.coop.py\/index.php\/catalogo-inmuebles\/\" data-type=\"page\" data-id=\"488\">Inmuebles<\/a><\/td><td>Terrenos y Casas.<\/td><\/tr><tr><td><a href=\"https:\/\/cooperativa24.coop.py\/index.php\/catalogo-vehiculos\/\" data-type=\"page\" data-id=\"481\">Veh\u00edculos<\/a><\/td><td>Autom\u00f3viles nuevos o usados.<\/td><\/tr><\/tbody><\/table><\/figure>\n\n\n\n<h2 class=\"wp-block-heading\">Cat\u00e1logo de Art\u00edculos<\/h2>\n\n\n\n<p class=\"has-medium-font-size\">Puedes consultar la lista completa de art\u00edculos y propiedades disponibles en nuestro cat\u00e1logo digital:<\/p>\n\n\n\n<ul class=\"wp-block-list\">\n<li class=\"has-medium-font-size\"><a href=\"https:\/\/cooperativa24.coop.py\/index.php\/catalogo-tecnologia-y-hogar\/\" data-type=\"page\" data-id=\"342\"><strong>Catalogo Tecnolog\u00eda y hogar<\/strong><\/a><\/li>\n\n\n\n<li class=\"has-medium-font-size\"><a href=\"https:\/\/cooperativa24.coop.py\/index.php\/catalogo-inmuebles\/\" data-type=\"page\" data-id=\"488\"><strong>Cat\u00e1logo de Inmuebles.<\/strong><\/a><\/li>\n\n\n\n<li class=\"has-medium-font-size\"><a href=\"https:\/\/cooperativa24.coop.py\/index.php\/catalogo-vehiculos\/\" data-type=\"link\" data-id=\"https:\/\/cooperativa24.coop.py\/index.php\/catalogo-vehiculos\/\"><strong>Cat\u00e1logo de Veh\u00edculos.<\/strong><\/a><\/li>\n<\/ul>\n\n\n\n<p><\/p>\n","protected":false},"excerpt":{"rendered":"<p>Club de compras Nuestro Club de Compras es un servicio exclusivo que te permite adquirir bienes de alto valor y necesidad con la ventaja de la financiaci\u00f3n directa, justa y r\u00e1pida de tu cooperativa. \u00a1Utiliza tu cr\u00e9dito de consumo de forma inteligente! \u00bfEn Qu\u00e9 Consiste el Club de Compras? El Club de Compras es una [&hellip;]<\/p>\n","protected":false},"author":2,"featured_media":0,"parent":0,"menu_order":0,"comment_status":"closed","ping_status":"closed","template":"","meta":{"_uag_custom_page_level_css":"","footnotes":""},"class_list":["post-330","page","type-page","status-publish","hentry"],"uagb_featured_image_src":{"full":false,"thumbnail":false,"medium":false,"medium_large":false,"large":false,"1536x1536":false,"2048x2048":false},"uagb_author_info":{"display_name":"Yanina Ortiz","author_link":"https:\/\/cooperativa24.coop.py\/index.php\/author\/yanina\/"},"uagb_comment_info":0,"uagb_excerpt":"Club de compras Nuestro Club de Compras es un servicio exclusivo que te permite adquirir bienes de alto valor y necesidad con la ventaja de la financiaci\u00f3n directa, justa y r\u00e1pida de tu cooperativa. \u00a1Utiliza tu cr\u00e9dito de consumo de forma inteligente! \u00bfEn Qu\u00e9 Consiste el Club de Compras? El Club de Compras es una&hellip;","_links":{"self":[{"href":"https:\/\/cooperativa24.coop.py\/index.php\/wp-json\/wp\/v2\/pages\/330","targetHints":{"allow":["GET"]}}],"collection":[{"href":"https:\/\/cooperativa24.coop.py\/index.php\/wp-json\/wp\/v2\/pages"}],"about":[{"href":"https:\/\/cooperativa24.coop.py\/index.php\/wp-json\/wp\/v2\/types\/page"}],"author":[{"embeddable":true,"href":"https:\/\/cooperativa24.coop.py\/index.php\/wp-json\/wp\/v2\/users\/2"}],"replies":[{"embeddable":true,"href":"https:\/\/cooperativa24.coop.py\/index.php\/wp-json\/wp\/v2\/comments?post=330"}],"version-history":[{"count":14,"href":"https:\/\/cooperativa24.coop.py\/index.php\/wp-json\/wp\/v2\/pages\/330\/revisions"}],"predecessor-version":[{"id":492,"href":"https:\/\/cooperativa24.coop.py\/index.php\/wp-json\/wp\/v2\/pages\/330\/revisions\/492"}],"wp:attachment":[{"href":"https:\/\/cooperativa24.coop.py\/index.php\/wp-json\/wp\/v2\/media?parent=330"}],"curies":[{"name":"wp","href":"https:\/\/api.w.org\/{rel}","templated":true}]}}